{"id":1114,"date":"2026-02-19T08:39:54","date_gmt":"2026-02-19T14:39:54","guid":{"rendered":"https:\/\/facmedicalblog.com\/?post_type=product&#038;p=1114"},"modified":"2026-03-30T17:42:46","modified_gmt":"2026-03-30T23:42:46","slug":"hyperlight","status":"publish","type":"product","link":"https:\/\/facmedicalblog.com\/index.php\/producto\/hyperlight\/","title":{"rendered":"Sitema de Rayos X Portable Hyperlight"},"content":{"rendered":"<p><strong>Sistema de Rayos X Portable Hyperlight<\/strong><\/p>\n<ul>\n<li>Im\u00e1genes de alta resoluci\u00f3n: El rango de tiempo de exposici\u00f3n ajustable (1.02-2 segundos) permite un control preciso en cada radiograf\u00eda.<\/li>\n<li>Versatilidad en exposici\u00f3n: Ofrece im\u00e1genes n\u00edtidas con un punto focal de 0.4 mm, asegurando una visualizaci\u00f3n precisa de las estructuras dentales.<\/li>\n<\/ul>\n","protected":false},"excerpt":{"rendered":"<p>Sistema de Rayos X Portable Hyperlight Im\u00e1genes de alta resoluci\u00f3n: El rango de tiempo de exposici\u00f3n ajustable (1.02-2 segundos) permite un control preciso en cada radiograf\u00eda. Versatilidad en exposici\u00f3n: Ofrece im\u00e1genes n\u00edtidas con un punto focal de 0.4 mm, asegurando una visualizaci\u00f3n precisa de las estructuras dentales.<\/p>\n","protected":false},"featured_media":1115,"comment_status":"open","ping_status":"closed","template":"","meta":{"neve_meta_sidebar":"","neve_meta_container":"","neve_meta_enable_content_width":"off","neve_meta_content_width":100,"neve_meta_title_alignment":"","neve_meta_author_avatar":"","neve_post_elements_order":"","neve_meta_disable_header":"","neve_meta_disable_footer":"","neve_meta_disable_title":"","_themeisle_gutenberg_block_has_review":false},"product_brand":[],"product_cat":[407],"product_tag":[],"class_list":{"0":"post-1114","1":"product","2":"type-product","3":"status-publish","4":"has-post-thumbnail","6":"product_cat-rayos-x","8":"first","9":"instock","10":"shipping-taxable","11":"product-type-simple","12":"add-to-wishlist-before_image"},"aioseo_notices":[],"_links":{"self":[{"href":"https:\/\/facmedicalblog.com\/index.php\/wp-json\/wp\/v2\/product\/1114","targetHints":{"allow":["GET"]}}],"collection":[{"href":"https:\/\/facmedicalblog.com\/index.php\/wp-json\/wp\/v2\/product"}],"about":[{"href":"https:\/\/facmedicalblog.com\/index.php\/wp-json\/wp\/v2\/types\/product"}],"replies":[{"embeddable":true,"href":"https:\/\/facmedicalblog.com\/index.php\/wp-json\/wp\/v2\/comments?post=1114"}],"wp:featuredmedia":[{"embeddable":true,"href":"https:\/\/facmedicalblog.com\/index.php\/wp-json\/wp\/v2\/media\/1115"}],"wp:attachment":[{"href":"https:\/\/facmedicalblog.com\/index.php\/wp-json\/wp\/v2\/media?parent=1114"}],"wp:term":[{"taxonomy":"product_brand","embeddable":true,"href":"https:\/\/facmedicalblog.com\/index.php\/wp-json\/wp\/v2\/product_brand?post=1114"},{"taxonomy":"product_cat","embeddable":true,"href":"https:\/\/facmedicalblog.com\/index.php\/wp-json\/wp\/v2\/product_cat?post=1114"},{"taxonomy":"product_tag","embeddable":true,"href":"https:\/\/facmedicalblog.com\/index.php\/wp-json\/wp\/v2\/product_tag?post=1114"}],"curies":[{"name":"wp","href":"https:\/\/api.w.org\/{rel}","templated":true}]}}